{"id":24358,"date":"2024-06-01T21:40:10","date_gmt":"2024-06-02T02:40:10","guid":{"rendered":"https:\/\/ocean.pe\/?page_id=24358"},"modified":"2024-06-04T09:46:52","modified_gmt":"2024-06-04T14:46:52","slug":"my-calendar","status":"publish","type":"page","link":"https:\/\/ocean.pe\/?page_id=24358","title":{"rendered":"My Calendar"},"content":{"rendered":"\r\n<div id='my-calendar' class='mc-main mcjs listjs gridjs minijs ajaxjs  calendar month my-calendar' ><h2 id=\"mc_head_my-calendar\" class=\"heading my-calendar-month\"><span>Eventos en mayo 2026\n<\/span><\/h2>\n\n<nav class=\"my-calendar-navigation\" aria-label=\"Calendar (top)\">\n<div class=\"my-calendar-header\"><div class='mc-format'>\r\n\t\t<ul><li><a id='mc_grid-my-calendar' href='https:\/\/ocean.pe\/?page_id=24358&#038;rest_route=\/wp\/v2\/pages\/24358&#038;format=calendar' aria-pressed=\"true\" class='mc-grid-option mc-active'><span class=\"maybe-hide\">Ver como <\/span>Cuadr\u00edcula<\/a><\/li><li><a id='mc_list-my-calendar' href='https:\/\/ocean.pe\/?page_id=24358&#038;rest_route=\/wp\/v2\/pages\/24358&#038;format=list'  class='mc-list-option'><span class=\"maybe-hide\">Ver como <\/span>Lista<\/a><\/li><\/ul>\r\n\t\t<\/div><div class='mc-time'><ul><li><a id='mc_month-my-calendar'  href='https:\/\/ocean.pe\/?page_id=24358&#038;rest_route=\/wp\/v2\/pages\/24358&#038;time=month' class='month mc-active' aria-pressed='true'>Mes<\/a><\/li><li><a id='mc_week-my-calendar'  href='https:\/\/ocean.pe\/?page_id=24358&#038;rest_route=\/wp\/v2\/pages\/24358&#038;time=week&#038;dy=4&#038;month=5&#038;yr=2026' class='week'>Semana<\/a><\/li><li><a id='mc_day-my-calendar'  href='https:\/\/ocean.pe\/?page_id=24358&#038;rest_route=\/wp\/v2\/pages\/24358&#038;time=day&#038;dy=4' class='day'>D\u00eda<\/a><li><\/ul><\/div><div class=\"my-calendar-date-switcher\"><form class=\"mc-date-switcher\" action=\"https:\/\/ocean.pe?rest_route=\/wp\/v2\/pages\/24358\" method=\"get\"><div><input type=\"hidden\" name=\"cid\" value=\"my-calendar\" \/><input type=\"hidden\" name=\"rest_route\" value=\"\/wp\/v2\/pages\/24358\" \/> <label class=\"maybe-hide\" for=\"my-calendar-month\">Mes<\/label> <select id=\"my-calendar-month\" name=\"month\">\n<option value='1'>enero<\/option>\n<option value='2'>febrero<\/option>\n<option value='3'>marzo<\/option>\n<option value='4'>abril<\/option>\n<option value='5' selected='selected'>mayo<\/option>\n<option value='6'>junio<\/option>\n<option value='7'>julio<\/option>\n<option value='8'>agosto<\/option>\n<option value='9'>septiembre<\/option>\n<option value='10'>octubre<\/option>\n<option value='11'>noviembre<\/option>\n<option value='12'>diciembre<\/option>\n<\/select>\n <label class=\"maybe-hide\" for=\"my-calendar-year\">A\u00f1o<\/label> <select id=\"my-calendar-year\" name=\"yr\">\n<option value=\"2024\">2024<\/option>\n<option value=\"2025\">2025<\/option>\n<option value=\"2026\" selected='selected'>2026<\/option>\n<\/select> <input type=\"submit\" class=\"button\" data-href=\"https:\/\/ocean.pe?rest_route=\/wp\/v2\/pages\/24358\" value=\"Ir\" \/><\/div><\/form><\/div>\r\n\t\t<div class=\"my-calendar-nav\">\r\n\t\t\t<ul>\r\n\t\t\t\t<li class=\"my-calendar-prev\"><a id=\"mc_previous_my-calendar\" href=\"https:\/\/ocean.pe\/?page_id=24358&#038;rest_route=\/wp\/v2\/pages\/24358&#038;yr=2026&#038;month=4&#038;dy&#038;cid=my-calendar\" rel=\"nofollow\"><span class=\"maybe-hide\">Anterior <\/span><\/a><\/li><li class=\"my-calendar-today\"><a id=\"mc_today_my-calendar\" href=\"https:\/\/ocean.pe\/?page_id=24358&#038;rest_route=\/wp\/v2\/pages\/24358&#038;cid=my-calendar\" rel=\"nofollow\" class=\"today mc-active\" aria-current=\"true\">Hoy<\/a><\/li>\r\n\t\t\t<\/ul>\r\n\t\t<\/div><\/div>\n<\/nav>\n<div class=\"mc-content\">\n<table class='my-calendar-table' aria-labelledby='mc_head_my-calendar'>\n<thead>\n\t<tr class='mc-row'>\n\t\t<th scope=\"col\" class='day-heading mon'><abbr title=\"lunes\" aria-hidden=\"true\">Lun<\/abbr><span class=\"screen-reader-text\">lunes<\/span><\/th>\n\t\t<th scope=\"col\" class='day-heading tues'><abbr title=\"martes\" aria-hidden=\"true\">Mar<\/abbr><span class=\"screen-reader-text\">martes<\/span><\/th>\n\t\t<th scope=\"col\" class='day-heading wed'><abbr title=\"mi\u00e9rcoles\" aria-hidden=\"true\">Mi\u00e9<\/abbr><span class=\"screen-reader-text\">mi\u00e9rcoles<\/span><\/th>\n\t\t<th scope=\"col\" class='day-heading thur'><abbr title=\"jueves\" aria-hidden=\"true\">Jue<\/abbr><span class=\"screen-reader-text\">jueves<\/span><\/th>\n\t\t<th scope=\"col\" class='day-heading fri'><abbr title=\"viernes\" aria-hidden=\"true\">Vie<\/abbr><span class=\"screen-reader-text\">viernes<\/span><\/th>\n\t\t<th scope=\"col\" class='weekend-heading sat'><abbr title=\"s\u00e1bado\" aria-hidden=\"true\">S\u00e1b<\/abbr><span class=\"screen-reader-text\">s\u00e1bado<\/span><\/th>\n\t\t<th scope=\"col\" class='weekend-heading sun'><abbr title=\"domingo\" aria-hidden=\"true\">Dom<\/abbr><span class=\"screen-reader-text\">domingo<\/span><\/th>\n\t<\/tr>\n<\/thead>\n<tbody>\n<tr class='mc-row'><td class='no-events lunes lun past-day past-date  nextmonth no-events day-with-date'><div class='mc-date-container'><span class='mc-date no-events'><span aria-hidden='true'>27<\/span><span class='screen-reader-text'>abril 27, 2026<\/span><\/span><\/div>\n<\/td>\n<td class='no-events martes mar past-day past-date  nextmonth no-events day-with-date'><div class='mc-date-container'><span class='mc-date no-events'><span aria-hidden='true'>28<\/span><span class='screen-reader-text'>abril 28, 2026<\/span><\/span><\/div>\n<\/td>\n<td class='no-events mircoles mi past-day past-date  nextmonth no-events day-with-date'><div class='mc-date-container'><span class='mc-date no-events'><span aria-hidden='true'>29<\/span><span class='screen-reader-text'>abril 29, 2026<\/span><\/span><\/div>\n<\/td>\n<td class='no-events jueves jue past-day past-date  nextmonth no-events day-with-date'><div class='mc-date-container'><span class='mc-date no-events'><span aria-hidden='true'>30<\/span><span class='screen-reader-text'>abril 30, 2026<\/span><\/span><\/div>\n<\/td>\n<td class='no-events viernes vie past-day past-date   no-events day-with-date'><div class='mc-date-container'><span class='mc-date no-events'><span aria-hidden='true'>1<\/span><span class='screen-reader-text'>mayo 1, 2026<\/span><\/span><\/div>\n<\/td>\n<td class='no-events sbado sb past-day past-date weekend  no-events day-with-date'><div class='mc-date-container'><span class='mc-date no-events'><span aria-hidden='true'>2<\/span><span class='screen-reader-text'>mayo 2, 2026<\/span><\/span><\/div>\n<\/td>\n<td class='no-events domingo dom past-day past-date weekend  no-events day-with-date'><div class='mc-date-container'><span class='mc-date no-events'><span aria-hidden='true'>3<\/span><span class='screen-reader-text'>mayo 3, 2026<\/span><\/span><\/div>\n<\/td>\n<\/tr>\n<!-- End Event Row -->\n<tr class='mc-row'><td class='no-events lunes lun past-day past-date   no-events day-with-date'><div class='mc-date-container'><span class='mc-date no-events'><span aria-hidden='true'>4<\/span><span class='screen-reader-text'>mayo 4, 2026<\/span><\/span><\/div>\n<\/td>\n<td class='no-events martes mar past-day past-date   no-events day-with-date'><div class='mc-date-container'><span class='mc-date no-events'><span aria-hidden='true'>5<\/span><span class='screen-reader-text'>mayo 5, 2026<\/span><\/span><\/div>\n<\/td>\n<td aria-current=\"date\" class='no-events mircoles mi current-day   no-events day-with-date'><div class='mc-date-container'><span class='mc-date no-events'><span aria-hidden='true'>6<\/span><span class='screen-reader-text'>mayo 6, 2026<\/span><\/span><\/div>\n<\/td>\n<td class='no-events jueves jue future-day   no-events day-with-date'><div class='mc-date-container'><span class='mc-date no-events'><span aria-hidden='true'>7<\/span><span class='screen-reader-text'>mayo 7, 2026<\/span><\/span><\/div>\n<\/td>\n<td class='no-events viernes vie future-day   no-events day-with-date'><div class='mc-date-container'><span class='mc-date no-events'><span aria-hidden='true'>8<\/span><span class='screen-reader-text'>mayo 8, 2026<\/span><\/span><\/div>\n<\/td>\n<td class='no-events sbado sb future-day weekend  no-events day-with-date'><div class='mc-date-container'><span class='mc-date no-events'><span aria-hidden='true'>9<\/span><span class='screen-reader-text'>mayo 9, 2026<\/span><\/span><\/div>\n<\/td>\n<td class='no-events domingo dom future-day weekend  no-events day-with-date'><div class='mc-date-container'><span class='mc-date no-events'><span aria-hidden='true'>10<\/span><span class='screen-reader-text'>mayo 10, 2026<\/span><\/span><\/div>\n<\/td>\n<\/tr>\n<!-- End Event Row -->\n<tr class='mc-row'><td class='no-events lunes lun future-day   no-events day-with-date'><div class='mc-date-container'><span class='mc-date no-events'><span aria-hidden='true'>11<\/span><span class='screen-reader-text'>mayo 11, 2026<\/span><\/span><\/div>\n<\/td>\n<td class='no-events martes mar future-day   no-events day-with-date'><div class='mc-date-container'><span class='mc-date no-events'><span aria-hidden='true'>12<\/span><span class='screen-reader-text'>mayo 12, 2026<\/span><\/span><\/div>\n<\/td>\n<td class='no-events mircoles mi future-day   no-events day-with-date'><div class='mc-date-container'><span class='mc-date no-events'><span aria-hidden='true'>13<\/span><span class='screen-reader-text'>mayo 13, 2026<\/span><\/span><\/div>\n<\/td>\n<td class='no-events jueves jue future-day   no-events day-with-date'><div class='mc-date-container'><span class='mc-date no-events'><span aria-hidden='true'>14<\/span><span class='screen-reader-text'>mayo 14, 2026<\/span><\/span><\/div>\n<\/td>\n<td class='no-events viernes vie future-day   no-events day-with-date'><div class='mc-date-container'><span class='mc-date no-events'><span aria-hidden='true'>15<\/span><span class='screen-reader-text'>mayo 15, 2026<\/span><\/span><\/div>\n<\/td>\n<td class='no-events sbado sb future-day weekend  no-events day-with-date'><div class='mc-date-container'><span class='mc-date no-events'><span aria-hidden='true'>16<\/span><span class='screen-reader-text'>mayo 16, 2026<\/span><\/span><\/div>\n<\/td>\n<td class='no-events domingo dom future-day weekend  no-events day-with-date'><div class='mc-date-container'><span class='mc-date no-events'><span aria-hidden='true'>17<\/span><span class='screen-reader-text'>mayo 17, 2026<\/span><\/span><\/div>\n<\/td>\n<\/tr>\n<!-- End Event Row -->\n<tr class='mc-row'><td class='no-events lunes lun future-day   no-events day-with-date'><div class='mc-date-container'><span class='mc-date no-events'><span aria-hidden='true'>18<\/span><span class='screen-reader-text'>mayo 18, 2026<\/span><\/span><\/div>\n<\/td>\n<td class='no-events martes mar future-day   no-events day-with-date'><div class='mc-date-container'><span class='mc-date no-events'><span aria-hidden='true'>19<\/span><span class='screen-reader-text'>mayo 19, 2026<\/span><\/span><\/div>\n<\/td>\n<td class='no-events mircoles mi future-day   no-events day-with-date'><div class='mc-date-container'><span class='mc-date no-events'><span aria-hidden='true'>20<\/span><span class='screen-reader-text'>mayo 20, 2026<\/span><\/span><\/div>\n<\/td>\n<td class='no-events jueves jue future-day   no-events day-with-date'><div class='mc-date-container'><span class='mc-date no-events'><span aria-hidden='true'>21<\/span><span class='screen-reader-text'>mayo 21, 2026<\/span><\/span><\/div>\n<\/td>\n<td class='no-events viernes vie future-day   no-events day-with-date'><div class='mc-date-container'><span class='mc-date no-events'><span aria-hidden='true'>22<\/span><span class='screen-reader-text'>mayo 22, 2026<\/span><\/span><\/div>\n<\/td>\n<td class='no-events sbado sb future-day weekend  no-events day-with-date'><div class='mc-date-container'><span class='mc-date no-events'><span aria-hidden='true'>23<\/span><span class='screen-reader-text'>mayo 23, 2026<\/span><\/span><\/div>\n<\/td>\n<td class='no-events domingo dom future-day weekend  no-events day-with-date'><div class='mc-date-container'><span class='mc-date no-events'><span aria-hidden='true'>24<\/span><span class='screen-reader-text'>mayo 24, 2026<\/span><\/span><\/div>\n<\/td>\n<\/tr>\n<!-- End Event Row -->\n<tr class='mc-row'><td class='no-events lunes lun future-day   no-events day-with-date'><div class='mc-date-container'><span class='mc-date no-events'><span aria-hidden='true'>25<\/span><span class='screen-reader-text'>mayo 25, 2026<\/span><\/span><\/div>\n<\/td>\n<td class='no-events martes mar future-day   no-events day-with-date'><div class='mc-date-container'><span class='mc-date no-events'><span aria-hidden='true'>26<\/span><span class='screen-reader-text'>mayo 26, 2026<\/span><\/span><\/div>\n<\/td>\n<td class='no-events mircoles mi future-day   no-events day-with-date'><div class='mc-date-container'><span class='mc-date no-events'><span aria-hidden='true'>27<\/span><span class='screen-reader-text'>mayo 27, 2026<\/span><\/span><\/div>\n<\/td>\n<td class='no-events jueves jue future-day   no-events day-with-date'><div class='mc-date-container'><span class='mc-date no-events'><span aria-hidden='true'>28<\/span><span class='screen-reader-text'>mayo 28, 2026<\/span><\/span><\/div>\n<\/td>\n<td class='no-events viernes vie future-day   no-events day-with-date'><div class='mc-date-container'><span class='mc-date no-events'><span aria-hidden='true'>29<\/span><span class='screen-reader-text'>mayo 29, 2026<\/span><\/span><\/div>\n<\/td>\n<td class='no-events sbado sb future-day weekend  no-events day-with-date'><div class='mc-date-container'><span class='mc-date no-events'><span aria-hidden='true'>30<\/span><span class='screen-reader-text'>mayo 30, 2026<\/span><\/span><\/div>\n<\/td>\n<td class='no-events domingo dom future-day weekend  no-events day-with-date'><div class='mc-date-container'><span class='mc-date no-events'><span aria-hidden='true'>31<\/span><span class='screen-reader-text'>mayo 31, 2026<\/span><\/span><\/div>\n<\/td>\n<\/tr>\n<!-- End Event Row -->\n\n<\/tbody>\n<\/table><\/div><!-- .mc-content -->\n<nav class=\"my-calendar-navigation\" aria-label=\"Calendar (bottom)\">\n<div class=\"mc_bottomnav my-calendar-footer\"><div class=\"category-key has-icons\"><h3 class=\"maybe-hide\">Categor\u00edas<\/h3>\n<ul>\n<li class=\"cat_general\"><a id=\"mc_cat_1-my-calendar\" href=\"https:\/\/ocean.pe\/?page_id=24358&#038;rest_route=\/wp\/v2\/pages\/24358&#038;mcat=1\" ><span class=\"category-color-sample svg\" style=\"background:#243f82;\"><svg style=\"fill:#ffffff\" focusable=\"false\" role=\"img\" aria-labelledby=\"cat_1\" class=\"category-icon\" xmlns=\"http:\/\/www.w3.org\/2000\/svg\" viewBox=\"0 0 448 512\"><!-- Font Awesome Free 5.15.3 by @fontawesome - https:\/\/fontawesome.com License - https:\/\/fontawesome.com\/license\/free (Icons: CC BY 4.0, Fonts: SIL OFL 1.1, Code: MIT License) --><title id='cat_1'>General<\/title><path d=\"M12 192h424c6.6 0 12 5.4 12 12v260c0 26.5-21.5 48-48 48H48c-26.5 0-48-21.5-48-48V204c0-6.6 5.4-12 12-12zm436-44v-36c0-26.5-21.5-48-48-48h-48V12c0-6.6-5.4-12-12-12h-40c-6.6 0-12 5.4-12 12v52H160V12c0-6.6-5.4-12-12-12h-40c-6.6 0-12 5.4-12 12v52H48C21.5 64 0 85.5 0 112v36c0 6.6 5.4 12 12 12h424c6.6 0 12-5.4 12-12z\"\/><\/svg><\/span>General<\/a><\/li><li class='all-categories'><span class='mc-active' id='mc_cat_all-my-calendar' tabindex='-1'>Todas las categor\u00edas<\/span><\/li><\/ul><\/div><div class='mc-print'><a id='mc_print-my-calendar' href='https:\/\/ocean.pe?rest_route=\/wp\/v2\/pages\/24358&#038;time=month&#038;yr=2026&#038;month=5&#038;dy=1&#038;href=https%3A%2F%2Focean.pe%3Frest_route%3D%2Fwp%2Fv2%2Fpages%2F24358&#038;cid=mc-print-view'>Imprimir<span class=\"maybe-hide\"> Vistas<\/span><\/a><\/div><\/div>\n<\/nav>\n\r\n<\/div>\n","protected":false},"excerpt":{"rendered":"Eventos en mayo 2026 Ver como Cuadr\u00edculaVer como Lista MesSemanaD\u00eda Mes enero febrero marzo abril mayo junio julio agosto septiembre octubre noviembre diciembre A\u00f1o 2024 2025 2026 Anterior Hoy Lunlunes [...]","protected":false},"author":1,"featured_media":0,"parent":0,"menu_order":0,"comment_status":"closed","ping_status":"closed","template":"","meta":{"_price":"","_stock":"","_tribe_ticket_header":"","_tribe_default_ticket_provider":"","_tribe_ticket_capacity":"0","_ticket_start_date":"","_ticket_end_date":"","_tribe_ticket_show_description":"","_tribe_ticket_show_not_going":false,"_tribe_ticket_use_global_stock":"","_tribe_ticket_global_stock_level":"","_global_stock_mode":"","_global_stock_cap":"","_tribe_rsvp_for_event":"","_tribe_ticket_going_count":"","_tribe_ticket_not_going_count":"","_tribe_tickets_list":"[]","_tribe_ticket_has_attendee_info_fields":false,"_mc_calendar":{"weekends":"true","shortcode":"[my_calendar weekends=&quot;true&quot;]","append":""},"footnotes":""},"class_list":["post-24358","page","type-page","status-publish","hentry"],"ticketed":false,"_links":{"self":[{"href":"https:\/\/ocean.pe\/index.php?rest_route=\/wp\/v2\/pages\/24358","targetHints":{"allow":["GET"]}}],"collection":[{"href":"https:\/\/ocean.pe\/index.php?rest_route=\/wp\/v2\/pages"}],"about":[{"href":"https:\/\/ocean.pe\/index.php?rest_route=\/wp\/v2\/types\/page"}],"author":[{"embeddable":true,"href":"https:\/\/ocean.pe\/index.php?rest_route=\/wp\/v2\/users\/1"}],"replies":[{"embeddable":true,"href":"https:\/\/ocean.pe\/index.php?rest_route=%2Fwp%2Fv2%2Fcomments&post=24358"}],"version-history":[{"count":2,"href":"https:\/\/ocean.pe\/index.php?rest_route=\/wp\/v2\/pages\/24358\/revisions"}],"predecessor-version":[{"id":24394,"href":"https:\/\/ocean.pe\/index.php?rest_route=\/wp\/v2\/pages\/24358\/revisions\/24394"}],"wp:attachment":[{"href":"https:\/\/ocean.pe\/index.php?rest_route=%2Fwp%2Fv2%2Fmedia&parent=24358"}],"curies":[{"name":"wp","href":"https:\/\/api.w.org\/{rel}","templated":true}]}}