{"id":24144,"date":"2024-05-14T22:42:35","date_gmt":"2024-05-15T03:42:35","guid":{"rendered":"https:\/\/ocean.pe\/?page_id=24144"},"modified":"2024-05-29T22:52:10","modified_gmt":"2024-05-30T03:52:10","slug":"plataformas-web-oc","status":"publish","type":"page","link":"https:\/\/ocean.pe\/?page_id=24144","title":{"rendered":"SERVICIOS"},"content":{"rendered":"<p>[vc_row][vc_column][vc_separator][\/vc_column][\/vc_row][vc_row][vc_column]<div class=\"row-fluid\"><div class=\"span12\"><h3 class=\"page-header\"><span class=\"page_header_title\">Plataformas Web OC<\/span><\/h3>                <div class=\"row-fluid\">\r\n              <div class=\"span12\">\r\n                                <\/div>\r\n          <\/div>\r\n            <\/div><\/div>[\/vc_column][\/vc_row][vc_row equal_height=\u00bbyes\u00bb content_placement=\u00bbmiddle\u00bb][vc_column width=\u00bb1\/2&#8243;][vc_single_image image=\u00bb24252&#8243; img_size=\u00bbmedium\u00bb alignment=\u00bbcenter\u00bb onclick=\u00bbcustom_link\u00bb img_link_target=\u00bb_blank\u00bb title=\u00bbS.O.S. TESIS\u00bb link=\u00bbhttps:\/\/www.facebook.com\/S.O.S.TesisPeru\u00bb][vc_column_text]<\/p>\n<p style=\"text-align: center;\">Desarrolla tu investigaci\u00f3n de pre y posgrado con acceso gratuito.<\/p>\n<p>[\/vc_column_text][vc_btn title=\u00bbACCEDER\u00bb align=\u00bbcenter\u00bb i_icon_fontawesome=\u00bbfas fa-hand-pointer\u00bb button_block=\u00bbtrue\u00bb add_icon=\u00bbtrue\u00bb link=\u00bburl:https%3A%2F%2Fwww.facebook.com%2FS.O.S.TesisPeru|title:S.O.S%20TESIS|target:_blank\u00bb][\/vc_column][vc_column width=\u00bb1\/2&#8243;][vc_single_image image=\u00bb24280&#8243; img_size=\u00bbmedium\u00bb alignment=\u00bbcenter\u00bb onclick=\u00bbcustom_link\u00bb img_link_target=\u00bb_blank\u00bb title=\u00bbK-chimbo\u00bb link=\u00bbhttp:\/\/kchimbo.pe\/\u00bb][vc_column_text]<\/p>\n<p style=\"text-align: center;\">Preparaci\u00f3n online para ingresar a la universidad.<\/p>\n<p>[\/vc_column_text][vc_btn title=\u00bbACCEDER\u00bb align=\u00bbcenter\u00bb i_icon_fontawesome=\u00bbfas fa-hand-pointer\u00bb button_block=\u00bbtrue\u00bb add_icon=\u00bbtrue\u00bb link=\u00bburl:http%3A%2F%2Fkchimbo.pe%2F|target:_blank\u00bb][\/vc_column][\/vc_row][vc_row equal_height=\u00bbyes\u00bb content_placement=\u00bbmiddle\u00bb][vc_column width=\u00bb1\/2&#8243;][vc_single_image image=\u00bb24279&#8243; img_size=\u00bbmedium\u00bb alignment=\u00bbcenter\u00bb onclick=\u00bbcustom_link\u00bb img_link_target=\u00bb_blank\u00bb title=\u00bbOC TAC\u00bb link=\u00bbhttp:\/\/octac.entiendepiu.com\u00bb][vc_column_text]<\/p>\n<p style=\"text-align: center;\">Ense\u00f1a c\u00f3mo hacer o haz tu tesis y art\u00edculos cient\u00edficos.<\/p>\n<p>[\/vc_column_text][vc_btn title=\u00bbACCEDER\u00bb align=\u00bbcenter\u00bb i_icon_fontawesome=\u00bbfas fa-hand-pointer\u00bb button_block=\u00bbtrue\u00bb add_icon=\u00bbtrue\u00bb link=\u00bburl:http%3A%2F%2Foctac.entiendepiu.com|target:_blank\u00bb][\/vc_column][vc_column width=\u00bb1\/2&#8243;][vc_single_image image=\u00bb24278&#8243; img_size=\u00bbmedium\u00bb alignment=\u00bbcenter\u00bb onclick=\u00bbcustom_link\u00bb img_link_target=\u00bb_blank\u00bb title=\u00bbOC RLI\u00bb link=\u00bbhttp:\/\/ocrli.entiendepiu.com\u00bb][vc_column_text]<\/p>\n<p style=\"text-align: center;\">Apoya tu renovaci\u00f3n de licencia institucional universitaria.<\/p>\n<p>[\/vc_column_text][vc_btn title=\u00bbACCEDER\u00bb align=\u00bbcenter\u00bb i_icon_fontawesome=\u00bbfas fa-hand-pointer\u00bb button_block=\u00bbtrue\u00bb add_icon=\u00bbtrue\u00bb link=\u00bburl:http%3A%2F%2Focrli.entiendepiu.com|target:_blank\u00bb][\/vc_column][\/vc_row][vc_row equal_height=\u00bbyes\u00bb content_placement=\u00bbmiddle\u00bb][vc_column width=\u00bb1\/4&#8243;][\/vc_column][vc_column width=\u00bb1\/2&#8243;][vc_single_image image=\u00bb24277&#8243; img_size=\u00bbmedium\u00bb alignment=\u00bbcenter\u00bb onclick=\u00bbcustom_link\u00bb img_link_target=\u00bb_blank\u00bb title=\u00bbOC ACI\u00bb link=\u00bbhttp:\/\/ocaci.entiendepiu.com\/\u00bb][vc_column_text]<\/p>\n<p style=\"text-align: center;\">Apoya tu acreditaci\u00f3n institucional universitaria.<\/p>\n<p>[\/vc_column_text][vc_btn title=\u00bbACCEDER\u00bb align=\u00bbcenter\u00bb i_icon_fontawesome=\u00bbfas fa-hand-pointer\u00bb button_block=\u00bbtrue\u00bb add_icon=\u00bbtrue\u00bb link=\u00bburl:http%3A%2F%2Focaci.entiendepiu.com%2F|target:_blank\u00bb][\/vc_column][vc_column width=\u00bb1\/4&#8243;][\/vc_column][\/vc_row][vc_row equal_height=\u00bbyes\u00bb content_placement=\u00bbmiddle\u00bb][vc_column]<div class=\"row-fluid\"><div class=\"span12\"><h3 class=\"page-header\"><span class=\"page_header_title\">Cursos en Web<\/span><\/h3>                <div class=\"row-fluid\">\r\n              <div class=\"span12\">\r\n                                <\/div>\r\n          <\/div>\r\n            <\/div><\/div>[\/vc_column][\/vc_row][vc_row][vc_column][vc_tta_accordion][vc_tta_section tab_id=\u00bb1717021637683-c4e07598-d693&#8243; title=\u00bbTesis\u00bb][vc_column_text]<\/p>\n<p style=\"text-align: center;\">Aprende en las plataformas LMS de la red.<img fetchpriority=\"high\" decoding=\"async\" class=\"size-full wp-image-24294 aligncenter\" src=\"http:\/\/ocean.pe\/wp-content\/uploads\/2024\/05\/5.png\" alt=\"\" width=\"300\" height=\"219\" \/><\/p>\n<p>[\/vc_column_text][\/vc_tta_section][vc_tta_section title=\u00bbArt\u00edculos Cient\u00edficos\u00bb tab_id=\u00bb1717021637697-7d5b50c9-7a34&#8243;][vc_column_text]<\/p>\n<p style=\"text-align: center;\">Aprende en las plataformas LMS de la red.<\/p>\n<p><img decoding=\"async\" class=\"size-full wp-image-24296 aligncenter\" src=\"http:\/\/ocean.pe\/wp-content\/uploads\/2024\/05\/6.png\" alt=\"\" width=\"300\" height=\"219\" \/>[\/vc_column_text][\/vc_tta_section][\/vc_tta_accordion][\/vc_column][\/vc_row][vc_row equal_height=\u00bbyes\u00bb content_placement=\u00bbmiddle\u00bb][vc_column]<div class=\"row-fluid\"><div class=\"span12\"><h3 class=\"page-header\"><span class=\"page_header_title\">Capacitaci\u00f3n y Gesti\u00f3n<\/span><\/h3>                <div class=\"row-fluid\">\r\n              <div class=\"span12\">\r\n                                <\/div>\r\n          <\/div>\r\n            <\/div><\/div>[vc_column_text]<\/p>\n<ul>\n<li><strong>I + D + i + e:<\/strong> <em>Aprende, ense\u00f1a y aplica normativa nacional e internacional.<\/em><\/li>\n<li><strong>Plataformas OC:<\/strong> <em>Aprende, ense\u00f1a y aplica nuestras plataformas Web OC.<\/em><\/li>\n<li><strong>Producci\u00f3n Intelectual Superior:<\/strong> <em>Aprende, ense\u00f1a y aplica tesis, art\u00edculos y propiedades intelectuales.<\/em><\/li>\n<li><strong>Calidad Educativa:<\/strong> <em>Aprende, ense\u00f1a y aplica licenciamiento, acreditaci\u00f3n institucional o de programa de estudios.<\/em><\/li>\n<li><strong>Otros:<\/strong> <em>a tu medida.<\/em><\/li>\n<\/ul>\n<p>[\/vc_column_text][\/vc_column][\/vc_row][vc_row equal_height=\u00bbyes\u00bb content_placement=\u00bbmiddle\u00bb][vc_column]<div class=\"row-fluid\"><div class=\"span12\"><h3 class=\"page-header\"><span class=\"page_header_title\">Eventos<\/span><\/h3>                <div class=\"row-fluid\">\r\n              <div class=\"span12\">\r\n                                <\/div>\r\n          <\/div>\r\n            <\/div><\/div>[\/vc_column][\/vc_row][vc_row][vc_column][vc_tta_tour][vc_tta_section title=\u00bbS.O.S. TESIS\u00bb tab_id=\u00bb1717039076281-a00fa172-1fb1&#8243;][vc_column_text]<\/p>\n<p style=\"text-align: center;\">Este 2024 se realiz\u00f3 S.O.S TESIS en los departamentos de\u00a0 Arequipa, Tacna, Cusco y Ucayali<\/p>\n<p>[\/vc_column_text][vc_single_image image=\u00bb24252&#8243; img_size=\u00bbmedium\u00bb alignment=\u00bbcenter\u00bb onclick=\u00bbcustom_link\u00bb img_link_target=\u00bb_blank\u00bb link=\u00bbhttps:\/\/www.facebook.com\/S.O.S.TesisPeru\u00bb][vc_gallery interval=\u00bb3&#8243; images=\u00bb24316,24315,24314,24313,24312,24311&#8243; img_size=\u00bb1551*1080&#8243;][\/vc_tta_section][vc_tta_section title=\u00bbSOPECIN\u00bb tab_id=\u00bb1717039076300-1439923c-1180&#8243;][vc_column_text]<img decoding=\"async\" class=\"size-medium wp-image-24320 aligncenter\" src=\"http:\/\/ocean.pe\/wp-content\/uploads\/2024\/05\/LOGO-1-300x169.png\" alt=\"\" width=\"300\" height=\"169\" srcset=\"https:\/\/ocean.pe\/wp-content\/uploads\/2024\/05\/LOGO-1-300x169.png 300w, https:\/\/ocean.pe\/wp-content\/uploads\/2024\/05\/LOGO-1-1024x576.png 1024w, https:\/\/ocean.pe\/wp-content\/uploads\/2024\/05\/LOGO-1-768x432.png 768w, https:\/\/ocean.pe\/wp-content\/uploads\/2024\/05\/LOGO-1-1536x864.png 1536w, https:\/\/ocean.pe\/wp-content\/uploads\/2024\/05\/LOGO-1.png 1920w\" sizes=\"(max-width: 300px) 100vw, 300px\" \/>[\/vc_column_text][vc_btn title=\u00bbACCEDER\u00bb align=\u00bbcenter\u00bb i_align=\u00bbright\u00bb i_icon_fontawesome=\u00bbfas fa-hand-point-up\u00bb add_icon=\u00bbtrue\u00bb link=\u00bburl:https%3A%2F%2Fwww.facebook.com%2Fsopecin.org.pe\u00bb][\/vc_tta_section][vc_tta_section title=\u00bbPatrocinio u Organizaci\u00f3n\u00bb tab_id=\u00bb1717039872124-572b6b73-2b0f\u00bb][vc_column_text]<\/p>\n<p style=\"text-align: center;\">Cuenta con software, recurso humano, experiencia,\u2026 <img loading=\"lazy\" decoding=\"async\" class=\" wp-image-24327 aligncenter\" src=\"http:\/\/ocean.pe\/wp-content\/uploads\/2024\/05\/10.png\" alt=\"\" width=\"390\" height=\"289\" \/><\/p>\n<p>[\/vc_column_text][\/vc_tta_section][\/vc_tta_tour][\/vc_column][\/vc_row][vc_row equal_height=\u00bbyes\u00bb content_placement=\u00bbmiddle\u00bb][vc_column]<div class=\"row-fluid\"><div class=\"span12\"><h3 class=\"page-header\"><span class=\"page_header_title\">Acompa\u00f1amiento<\/span><\/h3>                <div class=\"row-fluid\">\r\n              <div class=\"span12\">\r\n                                <\/div>\r\n          <\/div>\r\n            <\/div><\/div>[vc_column_text]<\/p>\n<ul>\n<li><strong>Investigaci\u00f3n B\u00e1sica:<\/strong> <em>Publicaciones de tesis, art\u00edculos, posters,\u2026 en las seis OCDE y 17 ODS. Niveles TRL 1 y CRL 1.<\/em><\/li>\n<li><strong>Investigaci\u00f3n Aplicada:<\/strong> <em>Publicaciones de tesis, art\u00edculos, posters,\u2026 en las seis OCDE y 17 ODS. Niveles TRL 2 y CRL 2 &#8211; 3.<\/em><\/li>\n<li><strong>Desarrollo Experimental:<\/strong> <em>Publicaciones de tesis, art\u00edculos, posters,\u2026 en las seis OCDE y 17 ODS. Niveles TRL 3 &#8211; 4 y CRL 4.<\/em><\/li>\n<li><strong>Desarrollo Tecnol\u00f3gico:<\/strong> <em>Publicaciones de tesis, art\u00edculos, posters,\u2026 en las seis OCDE y 17 ODS. Niveles TRL 5 &#8211; 6 y CRL 5 &#8211; 6.<\/em><\/li>\n<li><strong>Innovaci\u00f3n:<\/strong> <em>Publicaciones de tesis, art\u00edculos, posters,\u2026 en las seis OCDE y 17 ODS. Niveles TRL 7 &#8211; 8 y CRL 7.<\/em><\/li>\n<li><strong>Emprendedurismo:<\/strong> <em>Publicaciones de tesis, art\u00edculos, posters,\u2026 en las seis OCDE y 17 ODS. Niveles TRL 9 y CRL 8 &#8211; 9.<\/em><\/li>\n<li><strong>Postulaci\u00f3n a Fondos Concursables:<\/strong> <em>Alertas, formulaci\u00f3n y postulaci\u00f3n nacionales e internacionales.<\/em><\/li>\n<li><strong>Gesti\u00f3n de Proyectos:<\/strong> <em>Coordinaci\u00f3n t\u00e9cnica y administrativa en hitos, cierre y entregables.<\/em><\/li>\n<\/ul>\n<p>[\/vc_column_text][\/vc_column][\/vc_row][vc_row][vc_column][\/vc_column][\/vc_row][vc_row][vc_column][\/vc_column][\/vc_row]<\/p>\n","protected":false},"excerpt":{"rendered":"<p>[vc_row][vc_column][vc_separator][\/vc_column][\/vc_row][vc_row][vc_column][\/vc_column][\/vc_row][vc_row equal_height=\u00bbyes\u00bb content_placement=\u00bbmiddle\u00bb][vc_column width=\u00bb1\/2&#8243;][vc_single_image image=\u00bb24252&#8243; img_size=\u00bbmedium\u00bb alignment=\u00bbcenter\u00bb onclick=\u00bbcustom_link\u00bb img_link_target=\u00bb_blank\u00bb title=\u00bbS.O.S. TESIS\u00bb link=\u00bbhttps:\/\/www.facebook.com\/S.O.S.TesisPeru\u00bb][vc_column_text] Desarrolla tu investigaci\u00f3n de pre y posgrado con acceso gratuito. [\/vc_column_text][vc_btn title=\u00bbACCEDER\u00bb align=\u00bbcenter\u00bb i_icon_fontawesome=\u00bbfas fa-hand-pointer\u00bb button_block=\u00bbtrue\u00bb add_icon=\u00bbtrue\u00bb link=\u00bburl:https%3A%2F%2Fwww.facebook.com%2FS.O.S.TesisPeru|title:S.O.S%20TESIS|target:_blank\u00bb][\/vc_column][vc_column [&hellip;]<\/p>\n","protected":false},"author":1,"featured_media":0,"parent":0,"menu_order":0,"comment_status":"closed","ping_status":"closed","template":"page-builder.php","meta":{"_price":"","_stock":"","_tribe_ticket_header":"","_tribe_default_ticket_provider":"","_tribe_ticket_capacity":"0","_ticket_start_date":"","_ticket_end_date":"","_tribe_ticket_show_description":"","_tribe_ticket_show_not_going":false,"_tribe_ticket_use_global_stock":"","_tribe_ticket_global_stock_level":"","_global_stock_mode":"","_global_stock_cap":"","_tribe_rsvp_for_event":"","_tribe_ticket_going_count":"","_tribe_ticket_not_going_count":"","_tribe_tickets_list":"[]","_tribe_ticket_has_attendee_info_fields":false,"_mc_calendar":[],"footnotes":""},"class_list":["post-24144","page","type-page","status-publish","hentry"],"ticketed":false,"_links":{"self":[{"href":"https:\/\/ocean.pe\/index.php?rest_route=\/wp\/v2\/pages\/24144","targetHints":{"allow":["GET"]}}],"collection":[{"href":"https:\/\/ocean.pe\/index.php?rest_route=\/wp\/v2\/pages"}],"about":[{"href":"https:\/\/ocean.pe\/index.php?rest_route=\/wp\/v2\/types\/page"}],"author":[{"embeddable":true,"href":"https:\/\/ocean.pe\/index.php?rest_route=\/wp\/v2\/users\/1"}],"replies":[{"embeddable":true,"href":"https:\/\/ocean.pe\/index.php?rest_route=%2Fwp%2Fv2%2Fcomments&post=24144"}],"version-history":[{"count":59,"href":"https:\/\/ocean.pe\/index.php?rest_route=\/wp\/v2\/pages\/24144\/revisions"}],"predecessor-version":[{"id":24329,"href":"https:\/\/ocean.pe\/index.php?rest_route=\/wp\/v2\/pages\/24144\/revisions\/24329"}],"wp:attachment":[{"href":"https:\/\/ocean.pe\/index.php?rest_route=%2Fwp%2Fv2%2Fmedia&parent=24144"}],"curies":[{"name":"wp","href":"https:\/\/api.w.org\/{rel}","templated":true}]}}