{"id":24142,"date":"2024-05-14T22:41:31","date_gmt":"2024-05-15T03:41:31","guid":{"rendered":"https:\/\/ocean.pe\/?page_id=24142"},"modified":"2024-06-02T22:55:31","modified_gmt":"2024-06-03T03:55:31","slug":"blog-3","status":"publish","type":"page","link":"https:\/\/ocean.pe\/?page_id=24142","title":{"rendered":"BLOG"},"content":{"rendered":"<p>[vc_row][vc_column][vc_column_text]<\/p>\n<h1 style=\"text-align: center;\">Partes del Blog<\/h1>\n<p>[\/vc_column_text][vc_column_text]<\/p>\n<h1>Investigaci\u00f3n<\/h1>\n<p><strong>El ser humano primero aprendi\u00f3 antes de ense\u00f1ar y as\u00ed asegur\u00f3 su perpetuidad hasta el presente. Este proceso de aprender para ense\u00f1ar tuvo todo tipo de sucesos, desde los que se dieron por casualidad hasta los que se planificaron y sistematizaron. Cada sociedad, al ver estos resultados, fue mejorando los sistemas de educaci\u00f3n, los cuales involucran hoy en d\u00eda procesos de investigaci\u00f3n en todos sus niveles. En el presente punto del blog, abordaremos semanalmente temas relacionados con todos los procesos y sucesos que se puedan dar en el entorno de Investigaci\u00f3n.<\/strong><\/p>\n<p><em>Dr. Rodrigo Manrique Tejada<\/em>[\/vc_column_text][vc_text_separator title=\u00bb\u00bb color=\u00bbblue\u00bb border_width=\u00bb3&#8243;][vc_column_text]<\/p>\n<h1>Gesti\u00f3n<\/h1>\n<p><strong>Los recursos son resultado de necesidades y oportunidades que se presentan para poder ejecutar actividades que conlleven a metas y objetivos. La gesti\u00f3n es inherente al ser humano, pues todas sus actividades tienen recursos. En el presente punto del blog, se plasmar\u00e1n quincenalmente tips que faciliten la gesti\u00f3n de todo tipo, especialmente en I+D+i+e.<\/strong><\/p>\n<p><em>Mtra. Cintia Revollar Choque Gonzales<\/em>[\/vc_column_text][vc_text_separator title=\u00bb\u00bb color=\u00bbblue\u00bb border_width=\u00bb3&#8243;][vc_column_text]<\/p>\n<h1>Sociedad<\/h1>\n<p><strong>En el tiempo actual y futuro, el ser humano seguir\u00e1 siendo un ser gregario, implicando esto que se adopten conductas o tendencias que contribuyan a un hecho. En el presente punto del blog, se analizar\u00e1n situaciones o se dar\u00e1n opiniones que contribuyan a mejorar la sociedad.<\/strong><\/p>\n<p><em>Ocean&#8217;s<\/em>[\/vc_column_text][\/vc_column][\/vc_row][vc_row][vc_column][vc_tta_tabs][vc_tta_section title=\u00bbNOTICIAS\u00bb tab_id=\u00bb1717294805581-208d2ed8-1f9e\u00bb][vc_single_image image=\u00bb24344&#8243; img_size=\u00bb1100*600&#8243;][\/vc_tta_section][vc_tta_section title=\u00bbFACEBOOK\u00bb tab_id=\u00bb1717294805591-342eceb6-8cc1&#8243;][vc_raw_html]JTNDJTIxRE9DVFlQRSUyMGh0bWwlM0UlMEElM0NodG1sJTIwbGFuZyUzRCUyMmVzJTIyJTNFJTBBJTNDaGVhZCUzRSUwQSUyMCUyMCUyMCUyMCUzQ21ldGElMjBjaGFyc2V0JTNEJTIyVVRGLTglMjIlM0UlMEElMjAlMjAlMjAlMjAlM0NtZXRhJTIwbmFtZSUzRCUyMnZpZXdwb3J0JTIyJTIwY29udGVudCUzRCUyMndpZHRoJTNEZGV2aWNlLXdpZHRoJTJDJTIwaW5pdGlhbC1zY2FsZSUzRDEuMCUyMiUzRSUwQSUyMCUyMCUyMCUyMCUzQ3RpdGxlJTNFRW5sYWNlJTIwYSUyMEZhY2Vib29rJTNDJTJGdGl0bGUlM0UlMEElMjAlMjAlMjAlMjAlM0NzdHlsZSUzRSUwQSUyMCUyMCUyMCUyMCUyMCUyMCUyMCUyMCUyRiUyQSUyMENTUyUyMHBhcmElMjBjZW50cmFyJTIweSUyMGhhY2VyJTIwcmVzcG9uc2l2byUyMGVsJTIwY29udGVuZWRvciUyMCUyQSUyRiUwQSUyMCUyMCUyMCUyMCUyMCUyMCUyMCUyMC5mYWNlYm9vay1jb250YWluZXIlMjAlN0IlMEElMjAlMjAlMjAlMjAlMjAlMjAlMjAlMjAlMjAlMjAlMjAlMjBkaXNwbGF5JTNBJTIwZmxleCUzQiUwQSUyMCUyMCUyMCUyMCUyMCUyMCUyMCUyMCUyMCUyMCUyMCUyMGp1c3RpZnktY29udGVudCUzQSUyMGNlbnRlciUzQiUyMCUyRiUyQSUyMENlbnRyYSUyMGhvcml6b250YWxtZW50ZSUyMCUyQSUyRiUwQSUyMCUyMCUyMCUyMCUyMCUyMCUyMCUyMCUyMCUyMCUyMCUyMGFsaWduLWl0ZW1zJTNBJTIwY2VudGVyJTNCJTIwJTJGJTJBJTIwQ2VudHJhJTIwdmVydGljYWxtZW50ZSUyMCUyQSUyRiUwQSUyMCUyMCUyMCUyMCUyMCUyMCUyMCUyMCUyMCUyMCUyMCUyMG1pbi1oZWlnaHQlM0ElMjA1MDBweCUzQiUyMCUyRiUyQSUyMEFqdXN0YSUyMGVsJTIwYWx0byUyMG0lQzMlQURuaW1vJTIwc2VnJUMzJUJBbiUyMG5lY2VzaXRlcyUyMCUyQSUyRiUwQSUyMCUyMCUyMCUyMCUyMCUyMCUyMCUyMCUyMCUyMCUyMCUyMHBhZGRpbmclM0ElMjAyMHB4JTNCJTIwJTJGJTJBJTIwQSVDMyVCMWFkZSUyMHVuJTIwcG9jbyUyMGRlJTIwZXNwYWNpbyUyMGFscmVkZWRvciUyMCUyQSUyRiUwQSUyMCUyMCUyMCUyMCUyMCUyMCUyMCUyMCU3RCUwQSUwQSUyMCUyMCUyMCUyMCUyMCUyMCUyMCUyMC5mYWNlYm9vay1pZnJhbWUlMjAlN0IlMEElMjAlMjAlMjAlMjAlMjAlMjAlMjAlMjAlMjAlMjAlMjAlMjB3aWR0aCUzQSUyMDEwMCUyNSUzQiUwQSUyMCUyMCUyMCUyMCUyMCUyMCUyMCUyMCUyMCUyMCUyMCUyMG1heC13aWR0aCUzQSUyMDgwMHB4JTNCJTIwJTJGJTJBJTIwQW5jaG8lMjBtJUMzJUExeGltbyUyMGRlbCUyMGlmcmFtZSUyMCUyQSUyRiUwQSUyMCUyMCUyMCUyMCUyMCUyMCUyMCUyMCUyMCUyMCUyMCUyMGhlaWdodCUzQSUyMDcwMHB4JTNCJTIwJTJGJTJBJTIwQWx0byUyMGRlbCUyMGlmcmFtZSUyMCUyQSUyRiUwQSUyMCUyMCUyMCUyMCUyMCUyMCUyMCUyMCUyMCUyMCUyMCUyMGJvcmRlciUzQSUyMG5vbmUlM0IlMjAlMkYlMkElMjBFbGltaW5hJTIwZWwlMjBib3JkZSUyMCUyQSUyRiUwQSUyMCUyMCUyMCUyMCUyMCUyMCUyMCUyMCU3RCUwQSUwQSUyMCUyMCUyMCUyMCUyMCUyMCUyMCUyMCUyRiUyQSUyMEFzZWd1cmElMjBxdWUlMjBlbCUyMGlmcmFtZSUyMHNlYSUyMHJlc3BvbnNpdm8lMjAlMkElMkYlMEElMjAlMjAlMjAlMjAlMjAlMjAlMjAlMjAlNDBtZWRpYSUyMCUyOG1heC13aWR0aCUzQSUyMDc2OHB4JTI5JTIwJTdCJTBBJTIwJTIwJTIwJTIwJTIwJTIwJTIwJTIwJTIwJTIwJTIwJTIwLmZhY2Vib29rLWlmcmFtZSUyMCU3QiUwQSUyMCUyMCUyMCUyMCUyMCUyMCUyMCUyMCUyMCUyMCUyMCUyMCUyMCUyMCUyMCUyMGhlaWdodCUzQSUyMDUwMHB4JTNCJTIwJTJGJTJBJTIwQWp1c3RhJTIwZWwlMjBhbHRvJTIwcGFyYSUyMHBhbnRhbGxhcyUyMG0lQzMlQTFzJTIwcGVxdWUlQzMlQjFhcyUyMCUyQSUyRiUwQSUyMCUyMCUyMCUyMCUyMCUyMCUyMCUyMCUyMCUyMCUyMCUyMCU3RCUwQSUyMCUyMCUyMCUyMCUyMCUyMCUyMCUyMCU3RCUwQSUwQSUyMCUyMCUyMCUyMCUyMCUyMCUyMCUyMCU0MG1lZGlhJTIwJTI4bWF4LXdpZHRoJTNBJTIwNDgwcHglMjklMjAlN0IlMEElMjAlMjAlMjAlMjAlMjAlMjAlMjAlMjAlMjAlMjAlMjAlMjAuZmFjZWJvb2staWZyYW1lJTIwJTdCJTBBJTIwJTIwJTIwJTIwJTIwJTIwJTIwJTIwJTIwJTIwJTIwJTIwJTIwJTIwJTIwJTIwaGVpZ2h0JTNBJTIwNDAwcHglM0IlMjAlMkYlMkElMjBBanVzdGElMjBlbCUyMGFsdG8lMjBwYXJhJTIwcGFudGFsbGFzJTIwYSVDMyVCQW4lMjBtJUMzJUExcyUyMHBlcXVlJUMzJUIxYXMlMjAlMkElMkYlMEElMjAlMjAlMjAlMjAlMjAlMjAlMjAlMjAlMjAlMjAlMjAlMjAlN0QlMEElMjAlMjAlMjAlMjAlMjAlMjAlMjAlMjAlN0QlMEElMjAlMjAlMjAlMjAlM0MlMkZzdHlsZSUzRSUwQSUzQyUyRmhlYWQlM0UlMEElM0Nib2R5JTNFJTBBJTIwJTIwJTIwJTIwJTNDZGl2JTIwY2xhc3MlM0QlMjJmYWNlYm9vay1jb250YWluZXIlMjIlM0UlMEElMjAlMjAlMjAlMjAlMjAlMjAlMjAlMjAlM0NkaXYlMjBjbGFzcyUzRCUyMmZiLXBhZ2UlMjIlMjAlMEElMjAlMjAlMjAlMjAlMjAlMjAlMjAlMjAlMjAlMjAlMjAlMjAlMjBkYXRhLWhyZWYlM0QlMjJodHRwcyUzQSUyRiUyRnd3dy5mYWNlYm9vay5jb20lMkZPY2Vhbi5zcmwlMjIlMjAlMEElMjAlMjAlMjAlMjAlMjAlMjAlMjAlMjAlMjAlMjAlMjAlMjAlMjBkYXRhLXRhYnMlM0QlMjJ0aW1lbGluZSUyMiUyMCUwQSUyMCUyMCUyMCUyMCUyMCUyMCUyMCUyMCUyMCUyMCUyMCUyMCUyMGRhdGEtd2lkdGglM0QlMjI4MDAlMjIlMjAlMEElMjAlMjAlMjAlMjAlMjAlMjAlMjAlMjAlMjAlMjAlMjAlMjAlMjBkYXRhLWhlaWdodCUzRCUyMjcwMCUyMiUyMCUwQSUyMCUyMCUyMCUyMCUyMCUyMCUyMCUyMCUyMCUyMCUyMCUyMCUyMGRhdGEtc21hbGwtaGVhZGVyJTNEJTIyZmFsc2UlMjIlMjAlMEElMjAlMjAlMjAlMjAlMjAlMjAlMjAlMjAlMjAlMjAlMjAlMjAlMjBkYXRhLWFkYXB0LWNvbnRhaW5lci13aWR0aCUzRCUyMnRydWUlMjIlMjAlMEElMjAlMjAlMjAlMjAlMjAlMjAlMjAlMjAlMjAlMjAlMjAlMjAlMjBkYXRhLWhpZGUtY292ZXIlM0QlMjJmYWxzZSUyMiUyMCUwQSUyMCUyMCUyMCUyMCUyMCUyMCUyMCUyMCUyMCUyMCUyMCUyMCUyMGRhdGEtc2hvdy1mYWNlcGlsZSUzRCUyMnRydWUlMjIlM0UlMEElMjAlMjAlMjAlMjAlMjAlMjAlMjAlMjAlMjAlMjAlMjAlMjAlM0NibG9ja3F1b3RlJTIwY2l0ZSUzRCUyMmh0dHBzJTNBJTJGJTJGd3d3LmZhY2Vib29rLmNvbSUyRk9jZWFuLnNybCUyMiUyMGNsYXNzJTNEJTIyZmIteGZibWwtcGFyc2UtaWdub3JlJTIyJTNFJTBBJTIwJTIwJTIwJTIwJTIwJTIwJTIwJTIwJTIwJTIwJTIwJTIwJTIwJTIwJTIwJTIwJTNDYSUyMGhyZWYlM0QlMjJodHRwcyUzQSUyRiUyRnd3dy5mYWNlYm9vay5jb20lMkZPY2Vhbi5zcmwlMjIlM0VPY2Vhbi5zcmwlM0MlMkZhJTNFJTBBJTIwJTIwJTIwJTIwJTIwJTIwJTIwJTIwJTIwJTIwJTIwJTIwJTNDJTJGYmxvY2txdW90ZSUzRSUwQSUyMCUyMCUyMCUyMCUyMCUyMCUyMCUyMCUzQyUyRmRpdiUzRSUwQSUyMCUyMCUyMCUyMCUzQyUyRmRpdiUzRSUwQSUwQSUyMCUyMCUyMCUyMCUzQ2RpdiUyMGlkJTNEJTIyZmItcm9vdCUyMiUzRSUzQyUyRmRpdiUzRSUwQSUyMCUyMCUyMCUyMCUzQ3NjcmlwdCUyMGFzeW5jJTIwZGVmZXIlMjBjcm9zc29yaWdpbiUzRCUyMmFub255bW91cyUyMiUyMCUwQSUyMCUyMCUyMCUyMCUyMCUyMCUyMCUyMCUyMCUyMCUyMCUyMHNyYyUzRCUyMmh0dHBzJTNBJTJGJTJGY29ubmVjdC5mYWNlYm9vay5uZXQlMkZlc19FUyUyRnNkay5qcyUyM3hmYm1sJTNEMSUyNnZlcnNpb24lM0R2MTAuMCUyMiUyMG5vbmNlJTNEJTIyalFvV05FNGolMjIlM0UlMEElMjAlMjAlMjAlMjAlM0MlMkZzY3JpcHQlM0UlMEElM0MlMkZib2R5JTNFJTBBJTNDJTJGaHRtbCUzRSUwQSUwQQ==[\/vc_raw_html][\/vc_tta_section][\/vc_tta_tabs][\/vc_column][\/vc_row]<\/p>\n","protected":false},"excerpt":{"rendered":"<p>[vc_row][vc_column][vc_column_text] Partes del Blog [\/vc_column_text][vc_column_text] Investigaci\u00f3n El ser humano primero aprendi\u00f3 antes de ense\u00f1ar y as\u00ed asegur\u00f3 su perpetuidad hasta el presente. Este proceso de aprender para ense\u00f1ar tuvo todo [&hellip;]<\/p>\n","protected":false},"author":1,"featured_media":0,"parent":0,"menu_order":0,"comment_status":"closed","ping_status":"closed","template":"page-builder.php","meta":{"_price":"","_stock":"","_tribe_ticket_header":"","_tribe_default_ticket_provider":"","_tribe_ticket_capacity":"0","_ticket_start_date":"","_ticket_end_date":"","_tribe_ticket_show_description":"","_tribe_ticket_show_not_going":false,"_tribe_ticket_use_global_stock":"","_tribe_ticket_global_stock_level":"","_global_stock_mode":"","_global_stock_cap":"","_tribe_rsvp_for_event":"","_tribe_ticket_going_count":"","_tribe_ticket_not_going_count":"","_tribe_tickets_list":"[]","_tribe_ticket_has_attendee_info_fields":false,"_mc_calendar":[],"footnotes":""},"class_list":["post-24142","page","type-page","status-publish","hentry"],"ticketed":false,"_links":{"self":[{"href":"https:\/\/ocean.pe\/index.php?rest_route=\/wp\/v2\/pages\/24142","targetHints":{"allow":["GET"]}}],"collection":[{"href":"https:\/\/ocean.pe\/index.php?rest_route=\/wp\/v2\/pages"}],"about":[{"href":"https:\/\/ocean.pe\/index.php?rest_route=\/wp\/v2\/types\/page"}],"author":[{"embeddable":true,"href":"https:\/\/ocean.pe\/index.php?rest_route=\/wp\/v2\/users\/1"}],"replies":[{"embeddable":true,"href":"https:\/\/ocean.pe\/index.php?rest_route=%2Fwp%2Fv2%2Fcomments&post=24142"}],"version-history":[{"count":24,"href":"https:\/\/ocean.pe\/index.php?rest_route=\/wp\/v2\/pages\/24142\/revisions"}],"predecessor-version":[{"id":24382,"href":"https:\/\/ocean.pe\/index.php?rest_route=\/wp\/v2\/pages\/24142\/revisions\/24382"}],"wp:attachment":[{"href":"https:\/\/ocean.pe\/index.php?rest_route=%2Fwp%2Fv2%2Fmedia&parent=24142"}],"curies":[{"name":"wp","href":"https:\/\/api.w.org\/{rel}","templated":true}]}}